{"id":46,"date":"2021-11-22T12:28:18","date_gmt":"2021-11-22T12:28:18","guid":{"rendered":"https:\/\/expresscareglo.wpengine.com\/mx-es\/?page_id=46"},"modified":"2023-09-27T20:35:55","modified_gmt":"2023-09-27T20:35:55","slug":"contacto","status":"publish","type":"page","link":"https:\/\/expresscarebyvalvoline.com\/ec-es\/contacto\/","title":{"rendered":"Contacto"},"content":{"rendered":"<div class=\"entry\">\n<span><span><a href=\"https:\/\/expresscarebyvalvoline.com\/ec-es\/\">Home<\/a><\/span><\/span>\n<h1>Estamos para servirle.<\/h1>\n<p><strong>\u00bfNecesita hablar con alguien de su centro Express Care by Valvoline&trade; local?<\/strong><br \/>\nP\u00f3ngase en contacto directamente con el centro aqu\u00ed. <a style=\"color: #0093d0;cursor: pointer;text-decoration: underline\" href=\"\/ec-es\/buscar-un-centro\/\">clic aqu\u00ed<\/a>.<\/p>\n<p><strong>\u00bfLe gustar\u00eda ponerse en contacto con la sede corporativa de Valvoline?<\/strong><br \/>\nComun\u00edquese con la sede central de Valvoline aqu\u00ed. <a class=\"fancybox\" style=\"color: #0093d0;cursor: pointer;text-decoration: underline\" href=\"#contact_form_pop\">clic aqu\u00ed<\/a>.<\/p>\n<p><strong>\u00bfDesea m\u00e1s informaci\u00f3n sobre c\u00f3mo convertir su negocio en un Express Care&trade; de Valvoline&trade;?<\/strong><br \/>\nPara obtener m\u00e1s informaci\u00f3n, haga clic aqu\u00ed. <a class=\"fancybox\" style=\"color: #0093d0;cursor: pointer;text-decoration: underline\" href=\"#contact_form2_pop\">clic aqu\u00ed<\/a>.<\/p>\n<\/div>\n","protected":false},"excerpt":{"rendered":"<p>Estamos para servirle. \u00bfNecesita hablar con alguien de su centro Express Care by Valvoline&trade; local? P\u00f3ngase en contacto directamente con el centro aqu\u00ed. clic aqu\u00ed. \u00bfLe gustar\u00eda ponerse en contacto con la sede corporativa de Valvoline? Comun\u00edquese con la sede central de Valvoline aqu\u00ed. clic aqu\u00ed. \u00bfDesea m\u00e1s informaci\u00f3n sobre c\u00f3mo convertir su negocio en &#8230;<\/p>\n","protected":false},"author":1,"featured_media":397,"parent":0,"menu_order":0,"comment_status":"closed","ping_status":"closed","template":"","meta":{"inline_featured_image":false,"footnotes":""},"class_list":["post-46","page","type-page","status-publish","has-post-thumbnail"],"yoast_head":"<!-- This site is optimized with the Yoast SEO plugin v22.5 - https:\/\/yoast.com\/wordpress\/plugins\/seo\/ -->\n<title>Contacto - Express Care by Valvoline\u2122 - Equador<\/title>\n<meta name=\"robots\" content=\"index, follow, max-snippet:-1, max-image-preview:large, max-video-preview:-1\" \/>\n<link rel=\"canonical\" href=\"https:\/\/expresscarebyvalvoline.com\/ec-es\/contacto\/\" \/>\n<meta property=\"og:locale\" content=\"en_US\" \/>\n<meta property=\"og:type\" content=\"article\" \/>\n<meta property=\"og:title\" content=\"Contacto - Express Care by Valvoline\u2122 - Equador\" \/>\n<meta property=\"og:description\" content=\"Estamos para servirle. \u00bfNecesita hablar con alguien de su centro Express Care by Valvoline&trade; local? P\u00f3ngase en contacto directamente con el centro aqu\u00ed. clic aqu\u00ed. \u00bfLe gustar\u00eda ponerse en contacto con la sede corporativa de Valvoline? Comun\u00edquese con la sede central de Valvoline aqu\u00ed. clic aqu\u00ed. \u00bfDesea m\u00e1s informaci\u00f3n sobre c\u00f3mo convertir su negocio en ...\" \/>\n<meta property=\"og:url\" content=\"https:\/\/expresscarebyvalvoline.com\/ec-es\/contacto\/\" \/>\n<meta property=\"og:site_name\" content=\"Express Care by Valvoline\u2122 - Equador\" \/>\n<meta property=\"article:modified_time\" content=\"2023-09-27T20:35:55+00:00\" \/>\n<meta property=\"og:image\" content=\"https:\/\/expresscarebyvalvoline.com\/ec-es\/wp-content\/uploads\/sites\/27\/2023\/01\/ec-mx-contact.jpg\" \/>\n\t<meta property=\"og:image:width\" content=\"1575\" \/>\n\t<meta property=\"og:image:height\" content=\"432\" \/>\n\t<meta property=\"og:image:type\" content=\"image\/jpeg\" \/>\n<meta name=\"twitter:card\" content=\"summary_large_image\" \/>\n<meta name=\"twitter:label1\" content=\"Est. reading time\" \/>\n\t<meta name=\"twitter:data1\" content=\"1 minute\" \/>\n<script type=\"application\/ld+json\" class=\"yoast-schema-graph\">{\"@context\":\"https:\/\/schema.org\",\"@graph\":[{\"@type\":\"WebPage\",\"@id\":\"https:\/\/expresscarebyvalvoline.com\/ec-es\/contacto\/\",\"url\":\"https:\/\/expresscarebyvalvoline.com\/ec-es\/contacto\/\",\"name\":\"Contacto - Express Care by Valvoline\u2122 - Equador\",\"isPartOf\":{\"@id\":\"https:\/\/expresscarebyvalvoline.com\/ec-es\/#website\"},\"primaryImageOfPage\":{\"@id\":\"https:\/\/expresscarebyvalvoline.com\/ec-es\/contacto\/#primaryimage\"},\"image\":{\"@id\":\"https:\/\/expresscarebyvalvoline.com\/ec-es\/contacto\/#primaryimage\"},\"thumbnailUrl\":\"https:\/\/expresscarebyvalvoline.com\/ec-es\/wp-content\/uploads\/sites\/27\/2023\/01\/ec-mx-contact.jpg\",\"datePublished\":\"2021-11-22T12:28:18+00:00\",\"dateModified\":\"2023-09-27T20:35:55+00:00\",\"breadcrumb\":{\"@id\":\"https:\/\/expresscarebyvalvoline.com\/ec-es\/contacto\/#breadcrumb\"},\"inLanguage\":\"en-US\",\"potentialAction\":[{\"@type\":\"ReadAction\",\"target\":[\"https:\/\/expresscarebyvalvoline.com\/ec-es\/contacto\/\"]}]},{\"@type\":\"ImageObject\",\"inLanguage\":\"en-US\",\"@id\":\"https:\/\/expresscarebyvalvoline.com\/ec-es\/contacto\/#primaryimage\",\"url\":\"https:\/\/expresscarebyvalvoline.com\/ec-es\/wp-content\/uploads\/sites\/27\/2023\/01\/ec-mx-contact.jpg\",\"contentUrl\":\"https:\/\/expresscarebyvalvoline.com\/ec-es\/wp-content\/uploads\/sites\/27\/2023\/01\/ec-mx-contact.jpg\",\"width\":1575,\"height\":432},{\"@type\":\"BreadcrumbList\",\"@id\":\"https:\/\/expresscarebyvalvoline.com\/ec-es\/contacto\/#breadcrumb\",\"itemListElement\":[{\"@type\":\"ListItem\",\"position\":1,\"name\":\"Home\",\"item\":\"https:\/\/expresscarebyvalvoline.com\/ec-es\/\"},{\"@type\":\"ListItem\",\"position\":2,\"name\":\"Contacto\"}]},{\"@type\":\"WebSite\",\"@id\":\"https:\/\/expresscarebyvalvoline.com\/ec-es\/#website\",\"url\":\"https:\/\/expresscarebyvalvoline.com\/ec-es\/\",\"name\":\"Express Care by Valvoline\u2122 - Equador\",\"description\":\"\",\"potentialAction\":[{\"@type\":\"SearchAction\",\"target\":{\"@type\":\"EntryPoint\",\"urlTemplate\":\"https:\/\/expresscarebyvalvoline.com\/ec-es\/?s={search_term_string}\"},\"query-input\":\"required name=search_term_string\"}],\"inLanguage\":\"en-US\"}]}<\/script>\n<!-- \/ Yoast SEO plugin. -->","yoast_head_json":{"title":"Contacto - Express Care by Valvoline\u2122 - Equador","robots":{"index":"index","follow":"follow","max-snippet":"max-snippet:-1","max-image-preview":"max-image-preview:large","max-video-preview":"max-video-preview:-1"},"canonical":"https:\/\/expresscarebyvalvoline.com\/ec-es\/contacto\/","og_locale":"en_US","og_type":"article","og_title":"Contacto - Express Care by Valvoline\u2122 - Equador","og_description":"Estamos para servirle. \u00bfNecesita hablar con alguien de su centro Express Care by Valvoline&trade; local? P\u00f3ngase en contacto directamente con el centro aqu\u00ed. clic aqu\u00ed. \u00bfLe gustar\u00eda ponerse en contacto con la sede corporativa de Valvoline? Comun\u00edquese con la sede central de Valvoline aqu\u00ed. clic aqu\u00ed. \u00bfDesea m\u00e1s informaci\u00f3n sobre c\u00f3mo convertir su negocio en ...","og_url":"https:\/\/expresscarebyvalvoline.com\/ec-es\/contacto\/","og_site_name":"Express Care by Valvoline\u2122 - Equador","article_modified_time":"2023-09-27T20:35:55+00:00","og_image":[{"width":1575,"height":432,"url":"https:\/\/expresscarebyvalvoline.com\/ec-es\/wp-content\/uploads\/sites\/27\/2023\/01\/ec-mx-contact.jpg","type":"image\/jpeg"}],"twitter_card":"summary_large_image","twitter_misc":{"Est. reading time":"1 minute"},"schema":{"@context":"https:\/\/schema.org","@graph":[{"@type":"WebPage","@id":"https:\/\/expresscarebyvalvoline.com\/ec-es\/contacto\/","url":"https:\/\/expresscarebyvalvoline.com\/ec-es\/contacto\/","name":"Contacto - Express Care by Valvoline\u2122 - Equador","isPartOf":{"@id":"https:\/\/expresscarebyvalvoline.com\/ec-es\/#website"},"primaryImageOfPage":{"@id":"https:\/\/expresscarebyvalvoline.com\/ec-es\/contacto\/#primaryimage"},"image":{"@id":"https:\/\/expresscarebyvalvoline.com\/ec-es\/contacto\/#primaryimage"},"thumbnailUrl":"https:\/\/expresscarebyvalvoline.com\/ec-es\/wp-content\/uploads\/sites\/27\/2023\/01\/ec-mx-contact.jpg","datePublished":"2021-11-22T12:28:18+00:00","dateModified":"2023-09-27T20:35:55+00:00","breadcrumb":{"@id":"https:\/\/expresscarebyvalvoline.com\/ec-es\/contacto\/#breadcrumb"},"inLanguage":"en-US","potentialAction":[{"@type":"ReadAction","target":["https:\/\/expresscarebyvalvoline.com\/ec-es\/contacto\/"]}]},{"@type":"ImageObject","inLanguage":"en-US","@id":"https:\/\/expresscarebyvalvoline.com\/ec-es\/contacto\/#primaryimage","url":"https:\/\/expresscarebyvalvoline.com\/ec-es\/wp-content\/uploads\/sites\/27\/2023\/01\/ec-mx-contact.jpg","contentUrl":"https:\/\/expresscarebyvalvoline.com\/ec-es\/wp-content\/uploads\/sites\/27\/2023\/01\/ec-mx-contact.jpg","width":1575,"height":432},{"@type":"BreadcrumbList","@id":"https:\/\/expresscarebyvalvoline.com\/ec-es\/contacto\/#breadcrumb","itemListElement":[{"@type":"ListItem","position":1,"name":"Home","item":"https:\/\/expresscarebyvalvoline.com\/ec-es\/"},{"@type":"ListItem","position":2,"name":"Contacto"}]},{"@type":"WebSite","@id":"https:\/\/expresscarebyvalvoline.com\/ec-es\/#website","url":"https:\/\/expresscarebyvalvoline.com\/ec-es\/","name":"Express Care by Valvoline\u2122 - Equador","description":"","potentialAction":[{"@type":"SearchAction","target":{"@type":"EntryPoint","urlTemplate":"https:\/\/expresscarebyvalvoline.com\/ec-es\/?s={search_term_string}"},"query-input":"required name=search_term_string"}],"inLanguage":"en-US"}]}},"_links":{"self":[{"href":"https:\/\/expresscarebyvalvoline.com\/ec-es\/wp-json\/wp\/v2\/pages\/46","targetHints":{"allow":["GET"]}}],"collection":[{"href":"https:\/\/expresscarebyvalvoline.com\/ec-es\/wp-json\/wp\/v2\/pages"}],"about":[{"href":"https:\/\/expresscarebyvalvoline.com\/ec-es\/wp-json\/wp\/v2\/types\/page"}],"author":[{"embeddable":true,"href":"https:\/\/expresscarebyvalvoline.com\/ec-es\/wp-json\/wp\/v2\/users\/1"}],"replies":[{"embeddable":true,"href":"https:\/\/expresscarebyvalvoline.com\/ec-es\/wp-json\/wp\/v2\/comments?post=46"}],"version-history":[{"count":0,"href":"https:\/\/expresscarebyvalvoline.com\/ec-es\/wp-json\/wp\/v2\/pages\/46\/revisions"}],"wp:featuredmedia":[{"embeddable":true,"href":"https:\/\/expresscarebyvalvoline.com\/ec-es\/wp-json\/wp\/v2\/media\/397"}],"wp:attachment":[{"href":"https:\/\/expresscarebyvalvoline.com\/ec-es\/wp-json\/wp\/v2\/media?parent=46"}],"curies":[{"name":"wp","href":"https:\/\/api.w.org\/{rel}","templated":true}]}}